{"id":6058,"date":"2022-06-20T10:45:26","date_gmt":"2022-06-20T15:45:26","guid":{"rendered":"http:\/\/aeromex-insurance.three.zysites.com\/about-us\/"},"modified":"2024-01-24T11:36:18","modified_gmt":"2024-01-24T17:36:18","slug":"about-us","status":"publish","type":"page","link":"https:\/\/www.aeromexins.com\/es\/about-us\/","title":{"rendered":"Acerca de nosotros"},"content":{"rendered":"<p>Asequible Agencia de Seguros Aeromex es tu agencia de barrio especializada en servicio personalizado. Ofrecemos a los clientes la mejor protecci\u00f3n posible para todas sus necesidades de seguros. Como agencia de seguros de su vecindario, nos tomamos el tiempo para conocerlo. Como una de las compa\u00f1\u00edas de seguros l\u00edderes en el \u00e1rea metropolitana de Sherman y FT Worth, hemos construido una gran clientela manteniendo un estricto enfoque de que el cliente es lo primero. Si est\u00e1 buscando hacer negocios con una empresa de primer nivel que hace todo lo que est\u00e1 a su alcance para garantizar su satisfacci\u00f3n, cont\u00e1ctenos hoy. Nuestros expertos est\u00e1n aqu\u00ed para satisfacer todas sus necesidades de seguro y estar\u00e1n encantados de ofrecerle un presupuesto gratuito.<\/p>\n","protected":false},"excerpt":{"rendered":"<p>Asequible Agencia de Seguros Aeromex es tu agencia de barrio especializada en servicio personalizado. Ofrecemos a los clientes la mejor protecci\u00f3n posible para todas sus necesidades de seguros. Como agencia de seguros de su vecindario, nos tomamos el tiempo para conocerlo. Como una de las compa\u00f1\u00edas de seguros l\u00edderes en el \u00e1rea metropolitana de Sherman [&hellip;]<\/p>\n","protected":false},"author":35,"featured_media":0,"parent":0,"menu_order":0,"comment_status":"closed","ping_status":"closed","template":"","meta":{"_acf_changed":false,"_seopress_robots_primary_cat":null,"_seopress_titles_title":"","_seopress_titles_desc":"","_seopress_robots_index":"","_analytify_skip_tracking":false,"footnotes":""},"class_list":["post-6058","page","type-page","status-publish","hentry"],"acf":[],"_links":{"self":[{"href":"https:\/\/www.aeromexins.com\/es\/wp-json\/wp\/v2\/pages\/6058","targetHints":{"allow":["GET"]}}],"collection":[{"href":"https:\/\/www.aeromexins.com\/es\/wp-json\/wp\/v2\/pages"}],"about":[{"href":"https:\/\/www.aeromexins.com\/es\/wp-json\/wp\/v2\/types\/page"}],"author":[{"embeddable":true,"href":"https:\/\/www.aeromexins.com\/es\/wp-json\/wp\/v2\/users\/35"}],"replies":[{"embeddable":true,"href":"https:\/\/www.aeromexins.com\/es\/wp-json\/wp\/v2\/comments?post=6058"}],"version-history":[{"count":0,"href":"https:\/\/www.aeromexins.com\/es\/wp-json\/wp\/v2\/pages\/6058\/revisions"}],"wp:attachment":[{"href":"https:\/\/www.aeromexins.com\/es\/wp-json\/wp\/v2\/media?parent=6058"}],"curies":[{"name":"wp","href":"https:\/\/api.w.org\/{rel}","templated":true}]}}